{"id":6,"date":"2019-03-04T14:21:05","date_gmt":"2019-03-04T13:21:05","guid":{"rendered":"https:\/\/taxiguadeloupeaeroport.fr\/?page_id=6"},"modified":"2025-10-23T15:46:24","modified_gmt":"2025-10-23T13:46:24","slug":"avisos-legales","status":"publish","type":"page","link":"https:\/\/taxiguadeloupeaeroport.fr\/es\/mentions-legales\/","title":{"rendered":"Avisos legales"},"content":{"rendered":"<div data-elementor-type=\"wp-post\" data-elementor-id=\"6\" class=\"elementor elementor-6\" data-elementor-post-type=\"page\">\n\t\t\t\t\t\t<section class=\"elementor-section elementor-top-section elementor-element elementor-element-39a03aa elementor-section-boxed elementor-section-height-default elementor-section-height-default\" data-id=\"39a03aa\" data-element_type=\"section\" data-e-type=\"section\">\n\t\t\t\t\t\t<div class=\"elementor-container elementor-column-gap-default\">\n\t\t\t\t\t<div class=\"elementor-column elementor-col-100 elementor-top-column elementor-element elementor-element-6f9a74db\" data-id=\"6f9a74db\" data-element_type=\"column\" data-e-type=\"column\">\n\t\t\t<div class=\"elementor-widget-wrap elementor-element-populated\">\n\t\t\t\t\t\t<div class=\"elementor-element elementor-element-7c12272 elementor-widget elementor-widget-text-editor\" data-id=\"7c12272\" data-element_type=\"widget\" data-e-type=\"widget\" data-widget_type=\"text-editor.default\">\n\t\t\t\t<div class=\"elementor-widget-container\">\n\t\t\t\t\t\t\t\t\t<p><strong>El sitio <a href=\"https:\/\/taxiguadeloupeaeroport.fr\/es\/\">taxiguadeloupeaeroport.fr<\/a><\/strong><strong>&nbsp;Publicado por:<\/strong><\/p>\n<p>WebAudit Francia<br>6 avenida Jean Jaur\u00e8s, 73000 Chamb\u00e9ry<br>Sociedad de responsabilidad limitada con un capital de 600 \u20ac.<br>RCS Chamb\u00e9ry 823 628 698<br>contact(@)webaudit.fr<\/p>\n<p><strong>El sitio <a href=\"https:\/\/taxiguadeloupeaeroport.fr\/es\/\">taxiguadeloupeaeroport.fr<\/a><\/strong><strong>&nbsp;Se publica para:<\/strong><\/p>\n<p>Nombre de la empresa: CHARIN CONVENTIONED TAXI COMPANY<br>Nombre comercial: Taxi Aeropuerto de Guadalupe \u2013 Aeropuerto Guadalupe-Maryse Cond\u00e9 \u2013 Pointe-\u00e0-Pitre<\/p>\n<p>Direcci\u00f3n de la oficina: Lote 44. Dugazon de Bourgogne, Les Abymes 97139, Guadalupe<\/p>\n<p>Domicilio social: 988 CHATEAU GAILLARD 97160 LE MOULE<br>SIRET: 94818304100011<br>Capital social: 1.000,00 \u20ac<br>Directora editorial: Marianne CHARIN<br>Tel\u00e9fono: +590 690 90 27 87 \/ +590 690 37 47 40<br>Zona de aparcamiento: Pointe-\u00e0-Pitre \/ Les Abymes \/ Le Moule<\/p>\n<p>El sitio web de su compa\u00f1\u00eda de taxis en Guadalupe fue creado por el equipo de <a href=\"https:\/\/webaudit.fr\/taxi\">Webaudit France, especialistas en la creaci\u00f3n de sitios web para taxis. <\/a>con referencias naturales.<\/p>\n<p>Obt\u00e9n m\u00e1s informaci\u00f3n en <a href=\"https:\/\/annuaire-taxi-france.fr\/\">annuaire-taxi-france.fr<\/a>&nbsp; todas las compa\u00f1\u00edas de transporte <a href=\"https:\/\/annuaire-taxi-france.fr\/taxi-guadeloupe\/\">taxis en Guadalupe<\/a>.<\/p>\n<p><b>Proveedor de alojamiento:<\/b><\/p>\n<p>Red Infomaniak SA<br>25 Rue Eug\u00e8ne Marziano<br>1227 Les Acacias (GE)<br>Registro Mercantil del Cant\u00f3n de Ginebra: CH-660.0.059.996-1<br>N\u00famero IDE: CHE-103.167.648<br>N\u00famero de IVA: CHE-103.167.648<\/p>\n<p><b>Reglamento GDPR, protecci\u00f3n de datos y uso de cookies:<\/b><\/p>\n<p>De conformidad con los requisitos del Reglamento General de Protecci\u00f3n de Datos (RGPD), nos comprometemos a la transparencia y a la protecci\u00f3n de sus datos personales. Para comprender claramente c\u00f3mo recopilamos, utilizamos y protegemos sus datos, as\u00ed como nuestro uso de cookies para mejorar su experiencia en nuestro sitio web, consulte nuestra <a href=\"#gdpr_cookie_modal\"><u>Centro de informaci\u00f3n sobre el RGPD y las cookies<\/u><\/a>.<\/p>\n<p>Al hacer clic en este enlace, tendr\u00e1 acceso a nuestra Declaraci\u00f3n de privacidad y a nuestra Pol\u00edtica de cookies, donde se detallan nuestras pr\u00e1cticas de protecci\u00f3n de datos y uso de cookies, as\u00ed como sus derechos y opciones con respecto a esta informaci\u00f3n.<\/p>\n<p><strong>Propiedad intelectual<\/strong><\/p>\n<p>Todo el contenido de este sitio, incluidos, entre otros, gr\u00e1ficos, im\u00e1genes, textos, v\u00eddeos, animaciones, sonidos, logotipos, gifs e iconos, as\u00ed como su formato, son propiedad exclusiva de WEBAUDIT FRANCE SARL, con la excepci\u00f3n de las marcas comerciales, logotipos o contenidos pertenecientes a otras empresas asociadas o autores.<br>Queda estrictamente prohibida la reproducci\u00f3n, distribuci\u00f3n, modificaci\u00f3n, adaptaci\u00f3n, retransmisi\u00f3n o publicaci\u00f3n, incluso parcial, de estos elementos sin el consentimiento expreso y por escrito de WEBAUDIT FRANCE SARL. Dicha reproducci\u00f3n, por cualquier medio, constituye una infracci\u00f3n de los derechos de autor, sancionable conforme a los art\u00edculos L.335-2 y siguientes del C\u00f3digo de la Propiedad Intelectual franc\u00e9s. El incumplimiento de esta prohibici\u00f3n constituye una infracci\u00f3n de los derechos de autor y puede acarrear sanciones civiles y penales. Asimismo, los titulares del contenido copiado podr\u00e1n emprender acciones legales contra ellos.<\/p>\t\t\t\t\t\t\t\t<\/div>\n\t\t\t\t<\/div>\n\t\t\t\t\t<\/div>\n\t\t<\/div>\n\t\t\t\t\t<\/div>\n\t\t<\/section>\n\t\t\t\t<\/div>","protected":false},"excerpt":{"rendered":"<p>Le site taxiguadeloupeaeroport.fr&nbsp;est \u00e9dit\u00e9 par : WebAudit France6 avenue Jean Jaur\u00e8s, 73000 Chamb\u00e9rySARL au capital de 600\u20acRCS Chamb\u00e9ry 823 628 698contact(@)webaudit.fr Le site taxiguadeloupeaeroport.fr&nbsp;est \u00e9dit\u00e9 pour : Raison sociale\u202f: SOCIETE DE TAXIS CONVENTIONNES CHARINNom commercial\u202f: Taxi A\u00e9roport Guadeloupe &#8211; A\u00e9roport de Guadeloupe-Maryse Cond\u00e9 &#8211; Pointe-\u00e0-Pitre Adresse du bureau\u202f: 44 Lot. Dugazon de Bourgogne, Les Abymes [&hellip;]<\/p>\n","protected":false},"author":2,"featured_media":0,"parent":0,"menu_order":0,"comment_status":"closed","ping_status":"closed","template":"elementor_header_footer","meta":{"footnotes":""},"class_list":["post-6","page","type-page","status-publish","hentry"],"yoast_head":"<!-- This site is optimized with the Yoast SEO plugin v27.5 - https:\/\/yoast.com\/product\/yoast-seo-wordpress\/ -->\n<title>Mentions L\u00e9gales - Taxi A\u00e9roport Guadeloupe (A\u00e9roport de Guadeloupe-Maryse Cond\u00e9 -\u00a0Pointe-\u00e0-Pitre)<\/title>\n<meta name=\"robots\" content=\"index, follow, max-snippet:-1, max-image-preview:large, max-video-preview:-1\" \/>\n<link rel=\"canonical\" href=\"https:\/\/taxiguadeloupeaeroport.fr\/es\/avisos-legales\/\" \/>\n<meta property=\"og:locale\" content=\"es_ES\" \/>\n<meta property=\"og:type\" content=\"article\" \/>\n<meta property=\"og:title\" content=\"Mentions L\u00e9gales - Taxi A\u00e9roport Guadeloupe (A\u00e9roport de Guadeloupe-Maryse Cond\u00e9 -\u00a0Pointe-\u00e0-Pitre)\" \/>\n<meta property=\"og:description\" content=\"Le site taxiguadeloupeaeroport.fr&nbsp;est \u00e9dit\u00e9 par : WebAudit France6 avenue Jean Jaur\u00e8s, 73000 Chamb\u00e9rySARL au capital de 600\u20acRCS Chamb\u00e9ry 823 628 698contact(@)webaudit.fr Le site taxiguadeloupeaeroport.fr&nbsp;est \u00e9dit\u00e9 pour : Raison sociale\u202f: SOCIETE DE TAXIS CONVENTIONNES CHARINNom commercial\u202f: Taxi A\u00e9roport Guadeloupe &#8211; A\u00e9roport de Guadeloupe-Maryse Cond\u00e9 &#8211; Pointe-\u00e0-Pitre Adresse du bureau\u202f: 44 Lot. Dugazon de Bourgogne, Les Abymes [&hellip;]\" \/>\n<meta property=\"og:url\" content=\"https:\/\/taxiguadeloupeaeroport.fr\/es\/avisos-legales\/\" \/>\n<meta property=\"og:site_name\" content=\"Taxi A\u00e9roport Guadeloupe (A\u00e9roport de Guadeloupe-Maryse Cond\u00e9 -\u00a0Pointe-\u00e0-Pitre)\" \/>\n<meta property=\"article:modified_time\" content=\"2025-10-23T13:46:24+00:00\" \/>\n<meta name=\"twitter:card\" content=\"summary_large_image\" \/>\n<meta name=\"twitter:label1\" content=\"Tiempo de lectura\" \/>\n\t<meta name=\"twitter:data1\" content=\"3 minutos\" \/>\n<script type=\"application\/ld+json\" class=\"yoast-schema-graph\">{\"@context\":\"https:\\\/\\\/schema.org\",\"@graph\":[{\"@type\":\"WebPage\",\"@id\":\"https:\\\/\\\/taxiguadeloupeaeroport.fr\\\/mentions-legales\\\/\",\"url\":\"https:\\\/\\\/taxiguadeloupeaeroport.fr\\\/mentions-legales\\\/\",\"name\":\"Mentions L\u00e9gales - Taxi A\u00e9roport Guadeloupe (A\u00e9roport de Guadeloupe-Maryse Cond\u00e9 -\u00a0Pointe-\u00e0-Pitre)\",\"isPartOf\":{\"@id\":\"https:\\\/\\\/taxiguadeloupeaeroport.fr\\\/#website\"},\"datePublished\":\"2019-03-04T13:21:05+00:00\",\"dateModified\":\"2025-10-23T13:46:24+00:00\",\"breadcrumb\":{\"@id\":\"https:\\\/\\\/taxiguadeloupeaeroport.fr\\\/mentions-legales\\\/#breadcrumb\"},\"inLanguage\":\"es\",\"potentialAction\":[{\"@type\":\"ReadAction\",\"target\":[\"https:\\\/\\\/taxiguadeloupeaeroport.fr\\\/mentions-legales\\\/\"]}]},{\"@type\":\"BreadcrumbList\",\"@id\":\"https:\\\/\\\/taxiguadeloupeaeroport.fr\\\/mentions-legales\\\/#breadcrumb\",\"itemListElement\":[{\"@type\":\"ListItem\",\"position\":1,\"name\":\"Accueil\",\"item\":\"https:\\\/\\\/taxiguadeloupeaeroport.fr\\\/\"},{\"@type\":\"ListItem\",\"position\":2,\"name\":\"Mentions L\u00e9gales\"}]},{\"@type\":\"WebSite\",\"@id\":\"https:\\\/\\\/taxiguadeloupeaeroport.fr\\\/#website\",\"url\":\"https:\\\/\\\/taxiguadeloupeaeroport.fr\\\/\",\"name\":\"A\u00e9roport Guadeloupe P\u00f4le Cara\u00efbes Pointe-\u00e0-Pitre Le Raizet\",\"description\":\"R\u00e9server Taxi \u00e0 l&#039;A\u00e9roport Guadeloupe-Maryse Cond\u00e9 -\u00a0Pointe-\u00e0-Pitre\",\"publisher\":{\"@id\":\"https:\\\/\\\/taxiguadeloupeaeroport.fr\\\/#organization\"},\"potentialAction\":[{\"@type\":\"SearchAction\",\"target\":{\"@type\":\"EntryPoint\",\"urlTemplate\":\"https:\\\/\\\/taxiguadeloupeaeroport.fr\\\/?s={search_term_string}\"},\"query-input\":{\"@type\":\"PropertyValueSpecification\",\"valueRequired\":true,\"valueName\":\"search_term_string\"}}],\"inLanguage\":\"es\"},{\"@type\":\"Organization\",\"@id\":\"https:\\\/\\\/taxiguadeloupeaeroport.fr\\\/#organization\",\"name\":\"A\u00e9roport Guadeloupe P\u00f4le Cara\u00efbes Pointe-\u00e0-Pitre Le Raizet\",\"url\":\"https:\\\/\\\/taxiguadeloupeaeroport.fr\\\/\",\"logo\":{\"@type\":\"ImageObject\",\"inLanguage\":\"es\",\"@id\":\"https:\\\/\\\/taxiguadeloupeaeroport.fr\\\/#\\\/schema\\\/logo\\\/image\\\/\",\"url\":\"https:\\\/\\\/taxiguadeloupeaeroport.fr\\\/wp-content\\\/uploads\\\/2025\\\/10\\\/cropped-logo-taxi-aeroport-guadeloupe-martyse.webp\",\"contentUrl\":\"https:\\\/\\\/taxiguadeloupeaeroport.fr\\\/wp-content\\\/uploads\\\/2025\\\/10\\\/cropped-logo-taxi-aeroport-guadeloupe-martyse.webp\",\"width\":486,\"height\":90,\"caption\":\"A\u00e9roport Guadeloupe P\u00f4le Cara\u00efbes Pointe-\u00e0-Pitre Le Raizet\"},\"image\":{\"@id\":\"https:\\\/\\\/taxiguadeloupeaeroport.fr\\\/#\\\/schema\\\/logo\\\/image\\\/\"}}]}<\/script>\n<!-- \/ Yoast SEO plugin. -->","yoast_head_json":{"title":"Aviso legal - Taxi del aeropuerto de Guadalupe (Aeropuerto de Guadalupe-Maryse Cond\u00e9 - Pointe-\u00e0-Pitre)","robots":{"index":"index","follow":"follow","max-snippet":"max-snippet:-1","max-image-preview":"max-image-preview:large","max-video-preview":"max-video-preview:-1"},"canonical":"https:\/\/taxiguadeloupeaeroport.fr\/es\/avisos-legales\/","og_locale":"es_ES","og_type":"article","og_title":"Mentions L\u00e9gales - Taxi A\u00e9roport Guadeloupe (A\u00e9roport de Guadeloupe-Maryse Cond\u00e9 -\u00a0Pointe-\u00e0-Pitre)","og_description":"Le site taxiguadeloupeaeroport.fr&nbsp;est \u00e9dit\u00e9 par : WebAudit France6 avenue Jean Jaur\u00e8s, 73000 Chamb\u00e9rySARL au capital de 600\u20acRCS Chamb\u00e9ry 823 628 698contact(@)webaudit.fr Le site taxiguadeloupeaeroport.fr&nbsp;est \u00e9dit\u00e9 pour : Raison sociale\u202f: SOCIETE DE TAXIS CONVENTIONNES CHARINNom commercial\u202f: Taxi A\u00e9roport Guadeloupe &#8211; A\u00e9roport de Guadeloupe-Maryse Cond\u00e9 &#8211; Pointe-\u00e0-Pitre Adresse du bureau\u202f: 44 Lot. Dugazon de Bourgogne, Les Abymes [&hellip;]","og_url":"https:\/\/taxiguadeloupeaeroport.fr\/es\/avisos-legales\/","og_site_name":"Taxi A\u00e9roport Guadeloupe (A\u00e9roport de Guadeloupe-Maryse Cond\u00e9 -\u00a0Pointe-\u00e0-Pitre)","article_modified_time":"2025-10-23T13:46:24+00:00","twitter_card":"summary_large_image","twitter_misc":{"Tiempo de lectura":"3 minutos"},"schema":{"@context":"https:\/\/schema.org","@graph":[{"@type":"WebPage","@id":"https:\/\/taxiguadeloupeaeroport.fr\/mentions-legales\/","url":"https:\/\/taxiguadeloupeaeroport.fr\/mentions-legales\/","name":"Aviso legal - Taxi del aeropuerto de Guadalupe (Aeropuerto de Guadalupe-Maryse Cond\u00e9 - Pointe-\u00e0-Pitre)","isPartOf":{"@id":"https:\/\/taxiguadeloupeaeroport.fr\/#website"},"datePublished":"2019-03-04T13:21:05+00:00","dateModified":"2025-10-23T13:46:24+00:00","breadcrumb":{"@id":"https:\/\/taxiguadeloupeaeroport.fr\/mentions-legales\/#breadcrumb"},"inLanguage":"es","potentialAction":[{"@type":"ReadAction","target":["https:\/\/taxiguadeloupeaeroport.fr\/mentions-legales\/"]}]},{"@type":"BreadcrumbList","@id":"https:\/\/taxiguadeloupeaeroport.fr\/mentions-legales\/#breadcrumb","itemListElement":[{"@type":"ListItem","position":1,"name":"Accueil","item":"https:\/\/taxiguadeloupeaeroport.fr\/"},{"@type":"ListItem","position":2,"name":"Mentions L\u00e9gales"}]},{"@type":"WebSite","@id":"https:\/\/taxiguadeloupeaeroport.fr\/#website","url":"https:\/\/taxiguadeloupeaeroport.fr\/","name":"Aeropuerto de Guadalupe P\u00f4le Cara\u00efbes, Pointe-\u00e0-Pitre Le Raizet","description":"Reservar un taxi en el Aeropuerto de Guadalupe-Maryse Cond\u00e9 - Pointe-\u00e0-Pitre","publisher":{"@id":"https:\/\/taxiguadeloupeaeroport.fr\/#organization"},"potentialAction":[{"@type":"SearchAction","target":{"@type":"EntryPoint","urlTemplate":"https:\/\/taxiguadeloupeaeroport.fr\/?s={search_term_string}"},"query-input":{"@type":"PropertyValueSpecification","valueRequired":true,"valueName":"search_term_string"}}],"inLanguage":"es"},{"@type":"Organization","@id":"https:\/\/taxiguadeloupeaeroport.fr\/#organization","name":"Aeropuerto de Guadalupe P\u00f4le Cara\u00efbes, Pointe-\u00e0-Pitre Le Raizet","url":"https:\/\/taxiguadeloupeaeroport.fr\/","logo":{"@type":"ImageObject","inLanguage":"es","@id":"https:\/\/taxiguadeloupeaeroport.fr\/#\/schema\/logo\/image\/","url":"https:\/\/taxiguadeloupeaeroport.fr\/wp-content\/uploads\/2025\/10\/cropped-logo-taxi-aeroport-guadeloupe-martyse.webp","contentUrl":"https:\/\/taxiguadeloupeaeroport.fr\/wp-content\/uploads\/2025\/10\/cropped-logo-taxi-aeroport-guadeloupe-martyse.webp","width":486,"height":90,"caption":"A\u00e9roport Guadeloupe P\u00f4le Cara\u00efbes Pointe-\u00e0-Pitre Le Raizet"},"image":{"@id":"https:\/\/taxiguadeloupeaeroport.fr\/#\/schema\/logo\/image\/"}}]}},"_links":{"self":[{"href":"https:\/\/taxiguadeloupeaeroport.fr\/es\/wp-json\/wp\/v2\/pages\/6","targetHints":{"allow":["GET"]}}],"collection":[{"href":"https:\/\/taxiguadeloupeaeroport.fr\/es\/wp-json\/wp\/v2\/pages"}],"about":[{"href":"https:\/\/taxiguadeloupeaeroport.fr\/es\/wp-json\/wp\/v2\/types\/page"}],"author":[{"embeddable":true,"href":"https:\/\/taxiguadeloupeaeroport.fr\/es\/wp-json\/wp\/v2\/users\/2"}],"replies":[{"embeddable":true,"href":"https:\/\/taxiguadeloupeaeroport.fr\/es\/wp-json\/wp\/v2\/comments?post=6"}],"version-history":[{"count":15,"href":"https:\/\/taxiguadeloupeaeroport.fr\/es\/wp-json\/wp\/v2\/pages\/6\/revisions"}],"predecessor-version":[{"id":4743,"href":"https:\/\/taxiguadeloupeaeroport.fr\/es\/wp-json\/wp\/v2\/pages\/6\/revisions\/4743"}],"wp:attachment":[{"href":"https:\/\/taxiguadeloupeaeroport.fr\/es\/wp-json\/wp\/v2\/media?parent=6"}],"curies":[{"name":"wp","href":"https:\/\/api.w.org\/{rel}","templated":true}]}}