{"id":113,"date":"2019-03-11T16:18:44","date_gmt":"2019-03-11T15:18:44","guid":{"rendered":"https:\/\/taxiguadeloupeaeroport.fr\/?page_id=113"},"modified":"2026-04-27T06:51:32","modified_gmt":"2026-04-27T04:51:32","slug":"reserva-de-taxi-en-el-aeropuerto-de-guadalupe-maryse-conde-pointe-a-pitre","status":"publish","type":"page","link":"https:\/\/taxiguadeloupeaeroport.fr\/es\/reservation-taxi-aeroport-guadeloupe-maryse-conde-pointe-a-pitre\/","title":{"rendered":"Reserva de taxi en el aeropuerto de Guadalupe-Maryse Cond\u00e9 \u2013 Pointe-\u00e0-Pitre"},"content":{"rendered":"\t\t<div data-elementor-type=\"wp-post\" data-elementor-id=\"113\" class=\"elementor elementor-113\" data-elementor-post-type=\"page\">\n\t\t\t\t\t\t<section class=\"elementor-section elementor-top-section elementor-element elementor-element-dcb69e5 elementor-section-boxed elementor-section-height-default elementor-section-height-default\" data-id=\"dcb69e5\" data-element_type=\"section\" data-e-type=\"section\" data-settings=\"{&quot;background_background&quot;:&quot;classic&quot;}\">\n\t\t\t\t\t\t<div class=\"elementor-container elementor-column-gap-no\">\n\t\t\t\t\t<div class=\"elementor-column elementor-col-100 elementor-top-column elementor-element elementor-element-3a5bf97\" data-id=\"3a5bf97\" data-element_type=\"column\" data-e-type=\"column\" data-settings=\"{&quot;background_background&quot;:&quot;classic&quot;}\">\n\t\t\t<div class=\"elementor-widget-wrap elementor-element-populated\">\n\t\t\t\t\t<div class=\"elementor-background-overlay\"><\/div>\n\t\t\t\t\t\t<div class=\"elementor-element elementor-element-22d9160 elementor-widget elementor-widget-heading\" data-id=\"22d9160\" data-element_type=\"widget\" data-e-type=\"widget\" data-widget_type=\"heading.default\">\n\t\t\t\t<div class=\"elementor-widget-container\">\n\t\t\t\t\t<h1 class=\"elementor-heading-title elementor-size-xxl\">Contacter un taxi \u00e0 l'a\u00e9roport Guadeloupe-Maryse Cond\u00e9<\/h1>\t\t\t\t<\/div>\n\t\t\t\t<\/div>\n\t\t\t\t\t<\/div>\n\t\t<\/div>\n\t\t\t\t\t<\/div>\n\t\t<\/section>\n\t\t\t\t<section class=\"elementor-section elementor-top-section elementor-element elementor-element-9097c13 elementor-section-boxed elementor-section-height-default elementor-section-height-default\" data-id=\"9097c13\" data-element_type=\"section\" data-e-type=\"section\">\n\t\t\t\t\t\t<div class=\"elementor-container elementor-column-gap-default\">\n\t\t\t\t\t<div class=\"elementor-column elementor-col-100 elementor-top-column elementor-element elementor-element-f1dfee6\" data-id=\"f1dfee6\" data-element_type=\"column\" data-e-type=\"column\">\n\t\t\t<div class=\"elementor-widget-wrap elementor-element-populated\">\n\t\t\t\t\t\t<section class=\"elementor-section elementor-inner-section elementor-element elementor-element-c005124 elementor-section-boxed elementor-section-height-default elementor-section-height-default\" data-id=\"c005124\" data-element_type=\"section\" data-e-type=\"section\">\n\t\t\t\t\t\t<div class=\"elementor-container elementor-column-gap-default\">\n\t\t\t\t\t<div class=\"elementor-column elementor-col-100 elementor-inner-column elementor-element elementor-element-e587203\" data-id=\"e587203\" data-element_type=\"column\" data-e-type=\"column\">\n\t\t\t<div class=\"elementor-widget-wrap elementor-element-populated\">\n\t\t\t\t\t\t<div class=\"elementor-element elementor-element-b13de13 elementor-align-center elementor-widget__width-auto elementor-widget elementor-widget-button\" data-id=\"b13de13\" data-element_type=\"widget\" data-e-type=\"widget\" data-widget_type=\"button.default\">\n\t\t\t\t<div class=\"elementor-widget-container\">\n\t\t\t\t\t\t\t\t\t<div class=\"elementor-button-wrapper\">\n\t\t\t\t\t<a class=\"elementor-button elementor-button-link elementor-size-sm\" href=\"tel:+590690902787\">\n\t\t\t\t\t\t<span class=\"elementor-button-content-wrapper\">\n\t\t\t\t\t\t<span class=\"elementor-button-icon\">\n\t\t\t\t<i aria-hidden=\"true\" class=\"fas fa-phone-alt\"><\/i>\t\t\t<\/span>\n\t\t\t\t\t\t\t\t\t<span class=\"elementor-button-text\">06 90 90 27 87<\/span>\n\t\t\t\t\t<\/span>\n\t\t\t\t\t<\/a>\n\t\t\t\t<\/div>\n\t\t\t\t\t\t\t\t<\/div>\n\t\t\t\t<\/div>\n\t\t\t\t<div class=\"elementor-element elementor-element-490ba2e elementor-align-center elementor-widget__width-auto elementor-widget elementor-widget-button\" data-id=\"490ba2e\" data-element_type=\"widget\" data-e-type=\"widget\" data-widget_type=\"button.default\">\n\t\t\t\t<div class=\"elementor-widget-container\">\n\t\t\t\t\t\t\t\t\t<div class=\"elementor-button-wrapper\">\n\t\t\t\t\t<a class=\"elementor-button elementor-button-link elementor-size-sm\" href=\"tel:+590690374740\">\n\t\t\t\t\t\t<span class=\"elementor-button-content-wrapper\">\n\t\t\t\t\t\t<span class=\"elementor-button-icon\">\n\t\t\t\t<i aria-hidden=\"true\" class=\"fas fa-phone-alt\"><\/i>\t\t\t<\/span>\n\t\t\t\t\t\t\t\t\t<span class=\"elementor-button-text\">06 90 37 47 40<\/span>\n\t\t\t\t\t<\/span>\n\t\t\t\t\t<\/a>\n\t\t\t\t<\/div>\n\t\t\t\t\t\t\t\t<\/div>\n\t\t\t\t<\/div>\n\t\t\t\t\t<\/div>\n\t\t<\/div>\n\t\t\t\t\t<\/div>\n\t\t<\/section>\n\t\t\t\t<section class=\"elementor-section elementor-inner-section elementor-element elementor-element-01e00ff elementor-section-full_width elementor-section-height-default elementor-section-height-default\" data-id=\"01e00ff\" data-element_type=\"section\" data-e-type=\"section\">\n\t\t\t\t\t\t<div class=\"elementor-container elementor-column-gap-default\">\n\t\t\t\t\t<div class=\"elementor-column elementor-col-100 elementor-inner-column elementor-element elementor-element-618a7a2\" data-id=\"618a7a2\" data-element_type=\"column\" data-e-type=\"column\" data-settings=\"{&quot;background_background&quot;:&quot;classic&quot;}\">\n\t\t\t<div class=\"elementor-widget-wrap elementor-element-populated\">\n\t\t\t\t\t\t<div class=\"elementor-element elementor-element-e3d4c98 elementor-widget elementor-widget-heading\" data-id=\"e3d4c98\" data-element_type=\"widget\" data-e-type=\"widget\" data-widget_type=\"heading.default\">\n\t\t\t\t<div class=\"elementor-widget-container\">\n\t\t\t\t\t<h2 class=\"elementor-heading-title elementor-size-default\">Formulaire de contact<\/h2>\t\t\t\t<\/div>\n\t\t\t\t<\/div>\n\t\t\t\t<div class=\"elementor-element elementor-element-878d546 elementor-button-align-center elementor-widget elementor-widget-form\" data-id=\"878d546\" data-element_type=\"widget\" data-e-type=\"widget\" data-settings=\"{&quot;step_next_label&quot;:&quot;Suivant&quot;,&quot;step_previous_label&quot;:&quot;Pr\\u00e9c\\u00e9dent&quot;,&quot;button_width&quot;:&quot;100&quot;,&quot;step_type&quot;:&quot;number_text&quot;,&quot;step_icon_shape&quot;:&quot;circle&quot;}\" data-widget_type=\"form.default\">\n\t\t\t\t<div class=\"elementor-widget-container\">\n\t\t\t\t\t\t\t<form class=\"elementor-form\" method=\"post\" name=\"Formulaire contact\" aria-label=\"Formulaire contact\">\n\t\t\t<input type=\"hidden\" name=\"post_id\" value=\"113\"\/>\n\t\t\t<input type=\"hidden\" name=\"form_id\" value=\"878d546\"\/>\n\t\t\t<input type=\"hidden\" name=\"referer_title\" value=\"R\u00e9server Taxi A\u00e9roport Guadeloupe P\u00f4le Cara\u00efbes 06 90 90 27 87\" \/>\n\n\t\t\t\t\t\t\t<input type=\"hidden\" name=\"queried_id\" value=\"113\"\/>\n\t\t\t\n\t\t\t<div class=\"elementor-form-fields-wrapper elementor-labels-above\">\n\t\t\t\t\t\t\t\t<div class=\"elementor-field-type-text elementor-field-group elementor-column elementor-field-group-name elementor-col-50 elementor-field-required\">\n\t\t\t\t\t\t\t\t\t\t\t\t<label for=\"form-field-name\" class=\"elementor-field-label\">\n\t\t\t\t\t\t\t\tNom\t\t\t\t\t\t\t<\/label>\n\t\t\t\t\t\t\t\t\t\t\t\t\t\t<input size=\"1\" type=\"text\" name=\"form_fields[name]\" id=\"form-field-name\" class=\"elementor-field elementor-size-sm  elementor-field-textual\" placeholder=\"Nom\" required=\"required\">\n\t\t\t\t\t\t\t\t\t\t\t<\/div>\n\t\t\t\t\t\t\t\t<div class=\"elementor-field-type-text elementor-field-group elementor-column elementor-field-group-field_1980773 elementor-col-50 elementor-field-required\">\n\t\t\t\t\t\t\t\t\t\t\t\t<label for=\"form-field-field_1980773\" class=\"elementor-field-label\">\n\t\t\t\t\t\t\t\tPr\u00e9nom\t\t\t\t\t\t\t<\/label>\n\t\t\t\t\t\t\t\t\t\t\t\t\t\t<input size=\"1\" type=\"text\" name=\"form_fields[field_1980773]\" id=\"form-field-field_1980773\" class=\"elementor-field elementor-size-sm  elementor-field-textual\" placeholder=\"Pr\u00e9nom\" required=\"required\">\n\t\t\t\t\t\t\t\t\t\t\t<\/div>\n\t\t\t\t\t\t\t\t<div class=\"elementor-field-type-tel elementor-field-group elementor-column elementor-field-group-email elementor-col-50 elementor-field-required\">\n\t\t\t\t\t\t\t\t\t\t\t\t<label for=\"form-field-email\" class=\"elementor-field-label\">\n\t\t\t\t\t\t\t\tT\u00e9l\u00e9phone\t\t\t\t\t\t\t<\/label>\n\t\t\t\t\t\t\t\t<input size=\"1\" type=\"tel\" name=\"form_fields[email]\" id=\"form-field-email\" class=\"elementor-field elementor-size-sm  elementor-field-textual\" placeholder=\"T\u00e9l\u00e9phone\" required=\"required\" pattern=\"[0-9()#&amp;+*-=.]+\" title=\"Seuls les caract\u00e8res de num\u00e9ros de t\u00e9l\u00e9phone (#, -, *, etc.) sont accept\u00e9s.\">\n\n\t\t\t\t\t\t<\/div>\n\t\t\t\t\t\t\t\t<div class=\"elementor-field-type-email elementor-field-group elementor-column elementor-field-group-field_3ad15b2 elementor-col-50 elementor-field-required\">\n\t\t\t\t\t\t\t\t\t\t\t\t<label for=\"form-field-field_3ad15b2\" class=\"elementor-field-label\">\n\t\t\t\t\t\t\t\tE-mail\t\t\t\t\t\t\t<\/label>\n\t\t\t\t\t\t\t\t\t\t\t\t\t\t<input size=\"1\" type=\"email\" name=\"form_fields[field_3ad15b2]\" id=\"form-field-field_3ad15b2\" class=\"elementor-field elementor-size-sm  elementor-field-textual\" placeholder=\"E-mail\" required=\"required\">\n\t\t\t\t\t\t\t\t\t\t\t<\/div>\n\t\t\t\t\t\t\t\t<div class=\"elementor-field-type-textarea elementor-field-group elementor-column elementor-field-group-message elementor-col-100 elementor-field-required\">\n\t\t\t\t\t\t\t\t\t\t\t\t<label for=\"form-field-message\" class=\"elementor-field-label\">\n\t\t\t\t\t\t\t\tVotre demande\t\t\t\t\t\t\t<\/label>\n\t\t\t\t\t\t<textarea class=\"elementor-field-textual elementor-field  elementor-size-sm\" name=\"form_fields[message]\" id=\"form-field-message\" rows=\"4\" placeholder=\"Merci de pr\u00e9ciser le nombre de voyageurs, les dates, heures et lieu de d\u00e9part, la destination, la taille des bagages et, si d\u00e9sir\u00e9, le besoin de si\u00e8ges auto pour enfants en indiquant l\u2019\u00e2ge des enfants, afin de faciliter le traitement de votre demande.\" required=\"required\"><\/textarea>\t\t\t\t<\/div>\n\t\t\t\t\t\t\t\t<div class=\"elementor-field-type-acceptance elementor-field-group elementor-column elementor-field-group-field_81d907b elementor-col-100 elementor-field-required\">\n\t\t\t\t\t\t\t\t\t\t\t\t<label for=\"form-field-field_81d907b\" class=\"elementor-field-label\">\n\t\t\t\t\t\t\t\tTransmission des donn\u00e9es\t\t\t\t\t\t\t<\/label>\n\t\t\t\t\t\t\t\t<div class=\"elementor-field-subgroup\">\n\t\t\t<span class=\"elementor-field-option\">\n\t\t\t\t<input type=\"checkbox\" name=\"form_fields[field_81d907b]\" id=\"form-field-field_81d907b\" class=\"elementor-field elementor-size-sm  elementor-acceptance-field\" required=\"required\">\n\t\t\t\t<label for=\"form-field-field_81d907b\">En cochant cette case, j'accepte que mes donn\u00e9es soient transmises pour traitement de la demande.<\/label>\t\t\t<\/span>\n\t\t<\/div>\n\t\t\t\t\t\t<\/div>\n\t\t\t\t\t\t\t\t<div class=\"elementor-field-type-recaptcha_v3 elementor-field-group elementor-column elementor-field-group-field_1d30352 elementor-col-100 recaptcha_v3-inline\">\n\t\t\t\t\t<div class=\"elementor-field\" id=\"form-field-field_1d30352\"><div class=\"elementor-g-recaptcha\" data-sitekey=\"6Ldqi1QoAAAAAFF6BbcT-tKaGQYjnv4o_aF6gw8o\" data-type=\"v3\" data-action=\"Form\" data-badge=\"inline\" data-size=\"invisible\"><\/div><\/div>\t\t\t\t<\/div>\n\t\t\t\t\t\t\t\t<div class=\"elementor-field-group elementor-column elementor-field-type-submit elementor-col-100 e-form__buttons\">\n\t\t\t\t\t<button class=\"elementor-button elementor-size-sm\" type=\"submit\">\n\t\t\t\t\t\t<span class=\"elementor-button-content-wrapper\">\n\t\t\t\t\t\t\t\t\t\t\t\t\t\t\t\t\t\t\t\t\t\t<span class=\"elementor-button-text\">Envoyer<\/span>\n\t\t\t\t\t\t\t\t\t\t\t\t\t<\/span>\n\t\t\t\t\t<\/button>\n\t\t\t\t<\/div>\n\t\t\t<\/div>\n\t\t<\/form>\n\t\t\t\t\t\t<\/div>\n\t\t\t\t<\/div>\n\t\t\t\t\t<\/div>\n\t\t<\/div>\n\t\t\t\t\t<\/div>\n\t\t<\/section>\n\t\t\t\t\t<\/div>\n\t\t<\/div>\n\t\t\t\t\t<\/div>\n\t\t<\/section>\n\t\t\t\t<\/div>\n\t\t","protected":false},"excerpt":{"rendered":"<p>Contacter un taxi \u00e0 l&rsquo;a\u00e9roport Guadeloupe-Maryse Cond\u00e9 06 90 90 27 87 06 90 37 47 40 Formulaire de contact<\/p>","protected":false},"author":2,"featured_media":0,"parent":0,"menu_order":0,"comment_status":"closed","ping_status":"closed","template":"","meta":{"footnotes":""},"class_list":["post-113","page","type-page","status-publish","hentry"],"yoast_head":"<!-- This site is optimized with the Yoast SEO plugin v27.5 - https:\/\/yoast.com\/product\/yoast-seo-wordpress\/ -->\n<title>R\u00e9server Taxi A\u00e9roport Guadeloupe P\u00f4le Cara\u00efbes 06 90 90 27 87<\/title>\n<meta name=\"description\" content=\"R\u00e9server \/ Contacter un Taxi au d\u00e9part ou \u00e0 l&#039;arriv\u00e9e de l&#039;A\u00e9roport Guadeloupe-Maryse Cond\u00e9 - Pointe-\u00e0-Pitre\" \/>\n<meta name=\"robots\" content=\"index, follow, max-snippet:-1, max-image-preview:large, max-video-preview:-1\" \/>\n<link rel=\"canonical\" href=\"https:\/\/taxiguadeloupeaeroport.fr\/es\/reserva-de-taxi-en-el-aeropuerto-de-guadalupe-maryse-conde-pointe-a-pitre\/\" \/>\n<meta property=\"og:locale\" content=\"es_ES\" \/>\n<meta property=\"og:type\" content=\"article\" \/>\n<meta property=\"og:title\" content=\"R\u00e9server Taxi A\u00e9roport Guadeloupe P\u00f4le Cara\u00efbes 06 90 90 27 87\" \/>\n<meta property=\"og:description\" content=\"R\u00e9server \/ Contacter un Taxi au d\u00e9part ou \u00e0 l&#039;arriv\u00e9e de l&#039;A\u00e9roport Guadeloupe-Maryse Cond\u00e9 - Pointe-\u00e0-Pitre\" \/>\n<meta property=\"og:url\" content=\"https:\/\/taxiguadeloupeaeroport.fr\/es\/reserva-de-taxi-en-el-aeropuerto-de-guadalupe-maryse-conde-pointe-a-pitre\/\" \/>\n<meta property=\"og:site_name\" content=\"Taxi A\u00e9roport Guadeloupe (A\u00e9roport de Guadeloupe-Maryse Cond\u00e9 -\u00a0Pointe-\u00e0-Pitre)\" \/>\n<meta property=\"article:modified_time\" content=\"2026-04-27T04:51:32+00:00\" \/>\n<meta name=\"twitter:card\" content=\"summary_large_image\" \/>\n<meta name=\"twitter:label1\" content=\"Tiempo de lectura\" \/>\n\t<meta name=\"twitter:data1\" content=\"1 minuto\" \/>\n<script type=\"application\/ld+json\" class=\"yoast-schema-graph\">{\"@context\":\"https:\\\/\\\/schema.org\",\"@graph\":[{\"@type\":\"WebPage\",\"@id\":\"https:\\\/\\\/taxiguadeloupeaeroport.fr\\\/reservation-taxi-aeroport-guadeloupe-maryse-conde-pointe-a-pitre\\\/\",\"url\":\"https:\\\/\\\/taxiguadeloupeaeroport.fr\\\/reservation-taxi-aeroport-guadeloupe-maryse-conde-pointe-a-pitre\\\/\",\"name\":\"R\u00e9server Taxi A\u00e9roport Guadeloupe P\u00f4le Cara\u00efbes 06 90 90 27 87\",\"isPartOf\":{\"@id\":\"https:\\\/\\\/taxiguadeloupeaeroport.fr\\\/#website\"},\"datePublished\":\"2019-03-11T15:18:44+00:00\",\"dateModified\":\"2026-04-27T04:51:32+00:00\",\"description\":\"R\u00e9server \\\/ Contacter un Taxi au d\u00e9part ou \u00e0 l'arriv\u00e9e de l'A\u00e9roport Guadeloupe-Maryse Cond\u00e9 - Pointe-\u00e0-Pitre\",\"breadcrumb\":{\"@id\":\"https:\\\/\\\/taxiguadeloupeaeroport.fr\\\/reservation-taxi-aeroport-guadeloupe-maryse-conde-pointe-a-pitre\\\/#breadcrumb\"},\"inLanguage\":\"es\",\"potentialAction\":[{\"@type\":\"ReadAction\",\"target\":[\"https:\\\/\\\/taxiguadeloupeaeroport.fr\\\/reservation-taxi-aeroport-guadeloupe-maryse-conde-pointe-a-pitre\\\/\"]}]},{\"@type\":\"BreadcrumbList\",\"@id\":\"https:\\\/\\\/taxiguadeloupeaeroport.fr\\\/reservation-taxi-aeroport-guadeloupe-maryse-conde-pointe-a-pitre\\\/#breadcrumb\",\"itemListElement\":[{\"@type\":\"ListItem\",\"position\":1,\"name\":\"Accueil\",\"item\":\"https:\\\/\\\/taxiguadeloupeaeroport.fr\\\/\"},{\"@type\":\"ListItem\",\"position\":2,\"name\":\"R\u00e9servation Taxi A\u00e9roport Guadeloupe-Maryse Cond\u00e9 &#8211;\u00a0Pointe-\u00e0-Pitre\"}]},{\"@type\":\"WebSite\",\"@id\":\"https:\\\/\\\/taxiguadeloupeaeroport.fr\\\/#website\",\"url\":\"https:\\\/\\\/taxiguadeloupeaeroport.fr\\\/\",\"name\":\"A\u00e9roport Guadeloupe P\u00f4le Cara\u00efbes Pointe-\u00e0-Pitre Le Raizet\",\"description\":\"R\u00e9server Taxi \u00e0 l&#039;A\u00e9roport Guadeloupe-Maryse Cond\u00e9 -\u00a0Pointe-\u00e0-Pitre\",\"publisher\":{\"@id\":\"https:\\\/\\\/taxiguadeloupeaeroport.fr\\\/#organization\"},\"potentialAction\":[{\"@type\":\"SearchAction\",\"target\":{\"@type\":\"EntryPoint\",\"urlTemplate\":\"https:\\\/\\\/taxiguadeloupeaeroport.fr\\\/?s={search_term_string}\"},\"query-input\":{\"@type\":\"PropertyValueSpecification\",\"valueRequired\":true,\"valueName\":\"search_term_string\"}}],\"inLanguage\":\"es\"},{\"@type\":\"Organization\",\"@id\":\"https:\\\/\\\/taxiguadeloupeaeroport.fr\\\/#organization\",\"name\":\"A\u00e9roport Guadeloupe P\u00f4le Cara\u00efbes Pointe-\u00e0-Pitre Le Raizet\",\"url\":\"https:\\\/\\\/taxiguadeloupeaeroport.fr\\\/\",\"logo\":{\"@type\":\"ImageObject\",\"inLanguage\":\"es\",\"@id\":\"https:\\\/\\\/taxiguadeloupeaeroport.fr\\\/#\\\/schema\\\/logo\\\/image\\\/\",\"url\":\"https:\\\/\\\/taxiguadeloupeaeroport.fr\\\/wp-content\\\/uploads\\\/2025\\\/10\\\/cropped-logo-taxi-aeroport-guadeloupe-martyse.webp\",\"contentUrl\":\"https:\\\/\\\/taxiguadeloupeaeroport.fr\\\/wp-content\\\/uploads\\\/2025\\\/10\\\/cropped-logo-taxi-aeroport-guadeloupe-martyse.webp\",\"width\":486,\"height\":90,\"caption\":\"A\u00e9roport Guadeloupe P\u00f4le Cara\u00efbes Pointe-\u00e0-Pitre Le Raizet\"},\"image\":{\"@id\":\"https:\\\/\\\/taxiguadeloupeaeroport.fr\\\/#\\\/schema\\\/logo\\\/image\\\/\"}}]}<\/script>\n<!-- \/ Yoast SEO plugin. -->","yoast_head_json":{"title":"Reservar un taxi al aeropuerto de Guadalupe P\u00f4le Cara\u00efbes: 06 90 90 27 87","description":"Reservar\/Contactar un Taxi hacia o desde el Aeropuerto Guadalupe-Maryse Cond\u00e9 - Pointe-\u00e0-Pitre","robots":{"index":"index","follow":"follow","max-snippet":"max-snippet:-1","max-image-preview":"max-image-preview:large","max-video-preview":"max-video-preview:-1"},"canonical":"https:\/\/taxiguadeloupeaeroport.fr\/es\/reserva-de-taxi-en-el-aeropuerto-de-guadalupe-maryse-conde-pointe-a-pitre\/","og_locale":"es_ES","og_type":"article","og_title":"R\u00e9server Taxi A\u00e9roport Guadeloupe P\u00f4le Cara\u00efbes 06 90 90 27 87","og_description":"R\u00e9server \/ Contacter un Taxi au d\u00e9part ou \u00e0 l'arriv\u00e9e de l'A\u00e9roport Guadeloupe-Maryse Cond\u00e9 - Pointe-\u00e0-Pitre","og_url":"https:\/\/taxiguadeloupeaeroport.fr\/es\/reserva-de-taxi-en-el-aeropuerto-de-guadalupe-maryse-conde-pointe-a-pitre\/","og_site_name":"Taxi A\u00e9roport Guadeloupe (A\u00e9roport de Guadeloupe-Maryse Cond\u00e9 -\u00a0Pointe-\u00e0-Pitre)","article_modified_time":"2026-04-27T04:51:32+00:00","twitter_card":"summary_large_image","twitter_misc":{"Tiempo de lectura":"1 minuto"},"schema":{"@context":"https:\/\/schema.org","@graph":[{"@type":"WebPage","@id":"https:\/\/taxiguadeloupeaeroport.fr\/reservation-taxi-aeroport-guadeloupe-maryse-conde-pointe-a-pitre\/","url":"https:\/\/taxiguadeloupeaeroport.fr\/reservation-taxi-aeroport-guadeloupe-maryse-conde-pointe-a-pitre\/","name":"Reservar un taxi al aeropuerto de Guadalupe P\u00f4le Cara\u00efbes: 06 90 90 27 87","isPartOf":{"@id":"https:\/\/taxiguadeloupeaeroport.fr\/#website"},"datePublished":"2019-03-11T15:18:44+00:00","dateModified":"2026-04-27T04:51:32+00:00","description":"Reservar\/Contactar un Taxi hacia o desde el Aeropuerto Guadalupe-Maryse Cond\u00e9 - Pointe-\u00e0-Pitre","breadcrumb":{"@id":"https:\/\/taxiguadeloupeaeroport.fr\/reservation-taxi-aeroport-guadeloupe-maryse-conde-pointe-a-pitre\/#breadcrumb"},"inLanguage":"es","potentialAction":[{"@type":"ReadAction","target":["https:\/\/taxiguadeloupeaeroport.fr\/reservation-taxi-aeroport-guadeloupe-maryse-conde-pointe-a-pitre\/"]}]},{"@type":"BreadcrumbList","@id":"https:\/\/taxiguadeloupeaeroport.fr\/reservation-taxi-aeroport-guadeloupe-maryse-conde-pointe-a-pitre\/#breadcrumb","itemListElement":[{"@type":"ListItem","position":1,"name":"Accueil","item":"https:\/\/taxiguadeloupeaeroport.fr\/"},{"@type":"ListItem","position":2,"name":"R\u00e9servation Taxi A\u00e9roport Guadeloupe-Maryse Cond\u00e9 &#8211;\u00a0Pointe-\u00e0-Pitre"}]},{"@type":"WebSite","@id":"https:\/\/taxiguadeloupeaeroport.fr\/#website","url":"https:\/\/taxiguadeloupeaeroport.fr\/","name":"Aeropuerto de Guadalupe P\u00f4le Cara\u00efbes, Pointe-\u00e0-Pitre Le Raizet","description":"Reservar un taxi en el Aeropuerto de Guadalupe-Maryse Cond\u00e9 - Pointe-\u00e0-Pitre","publisher":{"@id":"https:\/\/taxiguadeloupeaeroport.fr\/#organization"},"potentialAction":[{"@type":"SearchAction","target":{"@type":"EntryPoint","urlTemplate":"https:\/\/taxiguadeloupeaeroport.fr\/?s={search_term_string}"},"query-input":{"@type":"PropertyValueSpecification","valueRequired":true,"valueName":"search_term_string"}}],"inLanguage":"es"},{"@type":"Organization","@id":"https:\/\/taxiguadeloupeaeroport.fr\/#organization","name":"Aeropuerto de Guadalupe P\u00f4le Cara\u00efbes, Pointe-\u00e0-Pitre Le Raizet","url":"https:\/\/taxiguadeloupeaeroport.fr\/","logo":{"@type":"ImageObject","inLanguage":"es","@id":"https:\/\/taxiguadeloupeaeroport.fr\/#\/schema\/logo\/image\/","url":"https:\/\/taxiguadeloupeaeroport.fr\/wp-content\/uploads\/2025\/10\/cropped-logo-taxi-aeroport-guadeloupe-martyse.webp","contentUrl":"https:\/\/taxiguadeloupeaeroport.fr\/wp-content\/uploads\/2025\/10\/cropped-logo-taxi-aeroport-guadeloupe-martyse.webp","width":486,"height":90,"caption":"A\u00e9roport Guadeloupe P\u00f4le Cara\u00efbes Pointe-\u00e0-Pitre Le Raizet"},"image":{"@id":"https:\/\/taxiguadeloupeaeroport.fr\/#\/schema\/logo\/image\/"}}]}},"_links":{"self":[{"href":"https:\/\/taxiguadeloupeaeroport.fr\/es\/wp-json\/wp\/v2\/pages\/113","targetHints":{"allow":["GET"]}}],"collection":[{"href":"https:\/\/taxiguadeloupeaeroport.fr\/es\/wp-json\/wp\/v2\/pages"}],"about":[{"href":"https:\/\/taxiguadeloupeaeroport.fr\/es\/wp-json\/wp\/v2\/types\/page"}],"author":[{"embeddable":true,"href":"https:\/\/taxiguadeloupeaeroport.fr\/es\/wp-json\/wp\/v2\/users\/2"}],"replies":[{"embeddable":true,"href":"https:\/\/taxiguadeloupeaeroport.fr\/es\/wp-json\/wp\/v2\/comments?post=113"}],"version-history":[{"count":40,"href":"https:\/\/taxiguadeloupeaeroport.fr\/es\/wp-json\/wp\/v2\/pages\/113\/revisions"}],"predecessor-version":[{"id":4827,"href":"https:\/\/taxiguadeloupeaeroport.fr\/es\/wp-json\/wp\/v2\/pages\/113\/revisions\/4827"}],"wp:attachment":[{"href":"https:\/\/taxiguadeloupeaeroport.fr\/es\/wp-json\/wp\/v2\/media?parent=113"}],"curies":[{"name":"wp","href":"https:\/\/api.w.org\/{rel}","templated":true}]}}