{"id":6,"date":"2019-03-04T14:21:05","date_gmt":"2019-03-04T13:21:05","guid":{"rendered":"https:\/\/taxiguadeloupeaeroport.fr\/?page_id=6"},"modified":"2025-10-23T15:46:24","modified_gmt":"2025-10-23T13:46:24","slug":"legal-notices","status":"publish","type":"page","link":"https:\/\/taxiguadeloupeaeroport.fr\/en\/mentions-legales\/","title":{"rendered":"Legal Notices"},"content":{"rendered":"<div data-elementor-type=\"wp-post\" data-elementor-id=\"6\" class=\"elementor elementor-6\" data-elementor-post-type=\"page\">\n\t\t\t\t\t\t<section class=\"elementor-section elementor-top-section elementor-element elementor-element-39a03aa elementor-section-boxed elementor-section-height-default elementor-section-height-default\" data-id=\"39a03aa\" data-element_type=\"section\" data-e-type=\"section\">\n\t\t\t\t\t\t<div class=\"elementor-container elementor-column-gap-default\">\n\t\t\t\t\t<div class=\"elementor-column elementor-col-100 elementor-top-column elementor-element elementor-element-6f9a74db\" data-id=\"6f9a74db\" data-element_type=\"column\" data-e-type=\"column\">\n\t\t\t<div class=\"elementor-widget-wrap elementor-element-populated\">\n\t\t\t\t\t\t<div class=\"elementor-element elementor-element-7c12272 elementor-widget elementor-widget-text-editor\" data-id=\"7c12272\" data-element_type=\"widget\" data-e-type=\"widget\" data-widget_type=\"text-editor.default\">\n\t\t\t\t<div class=\"elementor-widget-container\">\n\t\t\t\t\t\t\t\t\t<p><strong>The site <a href=\"https:\/\/taxiguadeloupeaeroport.fr\/en\/\">taxiguadeloupeaeroport.fr<\/a><\/strong><strong>&nbsp;is published by:<\/strong><\/p>\n<p>WebAudit France<br>6 avenue Jean Jaur\u00e8s, 73000 Chamb\u00e9ry<br>Limited liability company with a capital of \u20ac600<br>RCS Chamb\u00e9ry 823 628 698<br>contact(@)webaudit.fr<\/p>\n<p><strong>The site <a href=\"https:\/\/taxiguadeloupeaeroport.fr\/en\/\">taxiguadeloupeaeroport.fr<\/a><\/strong><strong>&nbsp;is published for:<\/strong><\/p>\n<p>Company name: CHARIN CONVENTIONED TAXI COMPANY<br>Business name: Guadeloupe Airport Taxi \u2013 Guadeloupe-Maryse Cond\u00e9 Airport \u2013 Pointe-\u00e0-Pitre<\/p>\n<p>Office address: 44 Lot. Dugazon de Bourgogne, Les Abymes 97139, Guadeloupe<\/p>\n<p>Registered office address: 988 CHATEAU GAILLARD 97160 LE MOULE<br>SIRET: 94818304100011<br>Share capital: \u20ac1,000.00<br>Publishing Director: Marianne CHARIN<br>Telephone: +590 690 90 27 87 \/ +590 690 37 47 40<br>Parking area: Pointe-\u00e0-Pitre \/ Les Abymes \/ Le Moule<\/p>\n<p>Your taxi company&#039;s website in Guadeloupe was created by the team at <a href=\"https:\/\/webaudit.fr\/taxi\">Webaudit France, specialists in creating websites for taxis <\/a>with natural referencing.<\/p>\n<p>Find out more on <a href=\"https:\/\/annuaire-taxi-france.fr\/\">annuaire-taxi-france.fr<\/a>&nbsp; all transport companies <a href=\"https:\/\/annuaire-taxi-france.fr\/taxi-guadeloupe\/\">taxis in Guadeloupe<\/a>.<\/p>\n<p><b>Hosting provider:<\/b><\/p>\n<p>Infomaniak Network SA<br>25 Rue Eug\u00e8ne Marziano<br>1227 Les Acacias (GE)<br>Geneva Canton Commercial Register: CH-660.0.059.996-1<br>IDE number: CHE-103.167.648<br>VAT number: CHE-103.167.648<\/p>\n<p><b>GDPR Regulations, Data Protection and Use of Cookies:<\/b><\/p>\n<p>In accordance with the requirements of the General Data Protection Regulation (GDPR), we are committed to transparency and the protection of your personal data. For a clear understanding of how we collect, use, and protect your data, as well as our use of cookies to improve your experience on our website, please consult our <a href=\"#gdpr_cookie_modal\"><u>GDPR and Cookies Information Center<\/u><\/a>.<\/p>\n<p>By clicking on this link, you will have access to our Privacy Statement and our Cookie Policy detailing our data protection and cookie usage practices, as well as your rights and choices regarding this information.<\/p>\n<p><strong>Intellectual property<\/strong><\/p>\n<p>All content on this site including, but not limited to, graphics, images, texts, videos, animations, sounds, logos, gifs and icons as well as their formatting are the exclusive property of WEBAUDIT FRANCE SARL with the exception of trademarks, logos or content belonging to other partner companies or authors.<br>Any reproduction, distribution, modification, adaptation, retransmission, or publication, even partial, of these elements is strictly prohibited without the express written consent of WEBAUDIT FRANCE SARL. Such representation or reproduction, by any means whatsoever, constitutes copyright infringement punishable under Articles L.335-2 et seq. of the French Intellectual Property Code. Failure to comply with this prohibition constitutes copyright infringement and may result in civil and criminal penalties. Furthermore, the owners of the copied content may take legal action against them.<\/p>\t\t\t\t\t\t\t\t<\/div>\n\t\t\t\t<\/div>\n\t\t\t\t\t<\/div>\n\t\t<\/div>\n\t\t\t\t\t<\/div>\n\t\t<\/section>\n\t\t\t\t<\/div>","protected":false},"excerpt":{"rendered":"<p>Le site taxiguadeloupeaeroport.fr&nbsp;est \u00e9dit\u00e9 par : WebAudit France6 avenue Jean Jaur\u00e8s, 73000 Chamb\u00e9rySARL au capital de 600\u20acRCS Chamb\u00e9ry 823 628 698contact(@)webaudit.fr Le site taxiguadeloupeaeroport.fr&nbsp;est \u00e9dit\u00e9 pour : Raison sociale\u202f: SOCIETE DE TAXIS CONVENTIONNES CHARINNom commercial\u202f: Taxi A\u00e9roport Guadeloupe &#8211; A\u00e9roport de Guadeloupe-Maryse Cond\u00e9 &#8211; Pointe-\u00e0-Pitre Adresse du bureau\u202f: 44 Lot. Dugazon de Bourgogne, Les Abymes [&hellip;]<\/p>\n","protected":false},"author":2,"featured_media":0,"parent":0,"menu_order":0,"comment_status":"closed","ping_status":"closed","template":"elementor_header_footer","meta":{"footnotes":""},"class_list":["post-6","page","type-page","status-publish","hentry"],"yoast_head":"<!-- This site is optimized with the Yoast SEO plugin v27.5 - https:\/\/yoast.com\/product\/yoast-seo-wordpress\/ -->\n<title>Mentions L\u00e9gales - Taxi A\u00e9roport Guadeloupe (A\u00e9roport de Guadeloupe-Maryse Cond\u00e9 -\u00a0Pointe-\u00e0-Pitre)<\/title>\n<meta name=\"robots\" content=\"index, follow, max-snippet:-1, max-image-preview:large, max-video-preview:-1\" \/>\n<link rel=\"canonical\" href=\"https:\/\/taxiguadeloupeaeroport.fr\/en\/legal-notices\/\" \/>\n<meta property=\"og:locale\" content=\"en_US\" \/>\n<meta property=\"og:type\" content=\"article\" \/>\n<meta property=\"og:title\" content=\"Mentions L\u00e9gales - Taxi A\u00e9roport Guadeloupe (A\u00e9roport de Guadeloupe-Maryse Cond\u00e9 -\u00a0Pointe-\u00e0-Pitre)\" \/>\n<meta property=\"og:description\" content=\"Le site taxiguadeloupeaeroport.fr&nbsp;est \u00e9dit\u00e9 par : WebAudit France6 avenue Jean Jaur\u00e8s, 73000 Chamb\u00e9rySARL au capital de 600\u20acRCS Chamb\u00e9ry 823 628 698contact(@)webaudit.fr Le site taxiguadeloupeaeroport.fr&nbsp;est \u00e9dit\u00e9 pour : Raison sociale\u202f: SOCIETE DE TAXIS CONVENTIONNES CHARINNom commercial\u202f: Taxi A\u00e9roport Guadeloupe &#8211; A\u00e9roport de Guadeloupe-Maryse Cond\u00e9 &#8211; Pointe-\u00e0-Pitre Adresse du bureau\u202f: 44 Lot. Dugazon de Bourgogne, Les Abymes [&hellip;]\" \/>\n<meta property=\"og:url\" content=\"https:\/\/taxiguadeloupeaeroport.fr\/en\/legal-notices\/\" \/>\n<meta property=\"og:site_name\" content=\"Taxi A\u00e9roport Guadeloupe (A\u00e9roport de Guadeloupe-Maryse Cond\u00e9 -\u00a0Pointe-\u00e0-Pitre)\" \/>\n<meta property=\"article:modified_time\" content=\"2025-10-23T13:46:24+00:00\" \/>\n<meta name=\"twitter:card\" content=\"summary_large_image\" \/>\n<meta name=\"twitter:label1\" content=\"Est. reading time\" \/>\n\t<meta name=\"twitter:data1\" content=\"3 minutes\" \/>\n<script type=\"application\/ld+json\" class=\"yoast-schema-graph\">{\"@context\":\"https:\\\/\\\/schema.org\",\"@graph\":[{\"@type\":\"WebPage\",\"@id\":\"https:\\\/\\\/taxiguadeloupeaeroport.fr\\\/mentions-legales\\\/\",\"url\":\"https:\\\/\\\/taxiguadeloupeaeroport.fr\\\/mentions-legales\\\/\",\"name\":\"Mentions L\u00e9gales - Taxi A\u00e9roport Guadeloupe (A\u00e9roport de Guadeloupe-Maryse Cond\u00e9 -\u00a0Pointe-\u00e0-Pitre)\",\"isPartOf\":{\"@id\":\"https:\\\/\\\/taxiguadeloupeaeroport.fr\\\/#website\"},\"datePublished\":\"2019-03-04T13:21:05+00:00\",\"dateModified\":\"2025-10-23T13:46:24+00:00\",\"breadcrumb\":{\"@id\":\"https:\\\/\\\/taxiguadeloupeaeroport.fr\\\/mentions-legales\\\/#breadcrumb\"},\"inLanguage\":\"en-US\",\"potentialAction\":[{\"@type\":\"ReadAction\",\"target\":[\"https:\\\/\\\/taxiguadeloupeaeroport.fr\\\/mentions-legales\\\/\"]}]},{\"@type\":\"BreadcrumbList\",\"@id\":\"https:\\\/\\\/taxiguadeloupeaeroport.fr\\\/mentions-legales\\\/#breadcrumb\",\"itemListElement\":[{\"@type\":\"ListItem\",\"position\":1,\"name\":\"Accueil\",\"item\":\"https:\\\/\\\/taxiguadeloupeaeroport.fr\\\/\"},{\"@type\":\"ListItem\",\"position\":2,\"name\":\"Mentions L\u00e9gales\"}]},{\"@type\":\"WebSite\",\"@id\":\"https:\\\/\\\/taxiguadeloupeaeroport.fr\\\/#website\",\"url\":\"https:\\\/\\\/taxiguadeloupeaeroport.fr\\\/\",\"name\":\"A\u00e9roport Guadeloupe P\u00f4le Cara\u00efbes Pointe-\u00e0-Pitre Le Raizet\",\"description\":\"R\u00e9server Taxi \u00e0 l&#039;A\u00e9roport Guadeloupe-Maryse Cond\u00e9 -\u00a0Pointe-\u00e0-Pitre\",\"publisher\":{\"@id\":\"https:\\\/\\\/taxiguadeloupeaeroport.fr\\\/#organization\"},\"potentialAction\":[{\"@type\":\"SearchAction\",\"target\":{\"@type\":\"EntryPoint\",\"urlTemplate\":\"https:\\\/\\\/taxiguadeloupeaeroport.fr\\\/?s={search_term_string}\"},\"query-input\":{\"@type\":\"PropertyValueSpecification\",\"valueRequired\":true,\"valueName\":\"search_term_string\"}}],\"inLanguage\":\"en-US\"},{\"@type\":\"Organization\",\"@id\":\"https:\\\/\\\/taxiguadeloupeaeroport.fr\\\/#organization\",\"name\":\"A\u00e9roport Guadeloupe P\u00f4le Cara\u00efbes Pointe-\u00e0-Pitre Le Raizet\",\"url\":\"https:\\\/\\\/taxiguadeloupeaeroport.fr\\\/\",\"logo\":{\"@type\":\"ImageObject\",\"inLanguage\":\"en-US\",\"@id\":\"https:\\\/\\\/taxiguadeloupeaeroport.fr\\\/#\\\/schema\\\/logo\\\/image\\\/\",\"url\":\"https:\\\/\\\/taxiguadeloupeaeroport.fr\\\/wp-content\\\/uploads\\\/2025\\\/10\\\/cropped-logo-taxi-aeroport-guadeloupe-martyse.webp\",\"contentUrl\":\"https:\\\/\\\/taxiguadeloupeaeroport.fr\\\/wp-content\\\/uploads\\\/2025\\\/10\\\/cropped-logo-taxi-aeroport-guadeloupe-martyse.webp\",\"width\":486,\"height\":90,\"caption\":\"A\u00e9roport Guadeloupe P\u00f4le Cara\u00efbes Pointe-\u00e0-Pitre Le Raizet\"},\"image\":{\"@id\":\"https:\\\/\\\/taxiguadeloupeaeroport.fr\\\/#\\\/schema\\\/logo\\\/image\\\/\"}}]}<\/script>\n<!-- \/ Yoast SEO plugin. -->","yoast_head_json":{"title":"Legal Notice - Guadeloupe Airport Taxi (Guadeloupe-Maryse Cond\u00e9 Airport - Pointe-\u00e0-Pitre)","robots":{"index":"index","follow":"follow","max-snippet":"max-snippet:-1","max-image-preview":"max-image-preview:large","max-video-preview":"max-video-preview:-1"},"canonical":"https:\/\/taxiguadeloupeaeroport.fr\/en\/legal-notices\/","og_locale":"en_US","og_type":"article","og_title":"Mentions L\u00e9gales - Taxi A\u00e9roport Guadeloupe (A\u00e9roport de Guadeloupe-Maryse Cond\u00e9 -\u00a0Pointe-\u00e0-Pitre)","og_description":"Le site taxiguadeloupeaeroport.fr&nbsp;est \u00e9dit\u00e9 par : WebAudit France6 avenue Jean Jaur\u00e8s, 73000 Chamb\u00e9rySARL au capital de 600\u20acRCS Chamb\u00e9ry 823 628 698contact(@)webaudit.fr Le site taxiguadeloupeaeroport.fr&nbsp;est \u00e9dit\u00e9 pour : Raison sociale\u202f: SOCIETE DE TAXIS CONVENTIONNES CHARINNom commercial\u202f: Taxi A\u00e9roport Guadeloupe &#8211; A\u00e9roport de Guadeloupe-Maryse Cond\u00e9 &#8211; Pointe-\u00e0-Pitre Adresse du bureau\u202f: 44 Lot. Dugazon de Bourgogne, Les Abymes [&hellip;]","og_url":"https:\/\/taxiguadeloupeaeroport.fr\/en\/legal-notices\/","og_site_name":"Taxi A\u00e9roport Guadeloupe (A\u00e9roport de Guadeloupe-Maryse Cond\u00e9 -\u00a0Pointe-\u00e0-Pitre)","article_modified_time":"2025-10-23T13:46:24+00:00","twitter_card":"summary_large_image","twitter_misc":{"Est. reading time":"3 minutes"},"schema":{"@context":"https:\/\/schema.org","@graph":[{"@type":"WebPage","@id":"https:\/\/taxiguadeloupeaeroport.fr\/mentions-legales\/","url":"https:\/\/taxiguadeloupeaeroport.fr\/mentions-legales\/","name":"Legal Notice - Guadeloupe Airport Taxi (Guadeloupe-Maryse Cond\u00e9 Airport - Pointe-\u00e0-Pitre)","isPartOf":{"@id":"https:\/\/taxiguadeloupeaeroport.fr\/#website"},"datePublished":"2019-03-04T13:21:05+00:00","dateModified":"2025-10-23T13:46:24+00:00","breadcrumb":{"@id":"https:\/\/taxiguadeloupeaeroport.fr\/mentions-legales\/#breadcrumb"},"inLanguage":"en-US","potentialAction":[{"@type":"ReadAction","target":["https:\/\/taxiguadeloupeaeroport.fr\/mentions-legales\/"]}]},{"@type":"BreadcrumbList","@id":"https:\/\/taxiguadeloupeaeroport.fr\/mentions-legales\/#breadcrumb","itemListElement":[{"@type":"ListItem","position":1,"name":"Accueil","item":"https:\/\/taxiguadeloupeaeroport.fr\/"},{"@type":"ListItem","position":2,"name":"Mentions L\u00e9gales"}]},{"@type":"WebSite","@id":"https:\/\/taxiguadeloupeaeroport.fr\/#website","url":"https:\/\/taxiguadeloupeaeroport.fr\/","name":"Guadeloupe P\u00f4le Cara\u00efbes Airport, Pointe-\u00e0-Pitre Le Raizet","description":"Book a taxi at Guadeloupe-Maryse Cond\u00e9 Airport - Pointe-\u00e0-Pitre","publisher":{"@id":"https:\/\/taxiguadeloupeaeroport.fr\/#organization"},"potentialAction":[{"@type":"SearchAction","target":{"@type":"EntryPoint","urlTemplate":"https:\/\/taxiguadeloupeaeroport.fr\/?s={search_term_string}"},"query-input":{"@type":"PropertyValueSpecification","valueRequired":true,"valueName":"search_term_string"}}],"inLanguage":"en-US"},{"@type":"Organization","@id":"https:\/\/taxiguadeloupeaeroport.fr\/#organization","name":"Guadeloupe P\u00f4le Cara\u00efbes Airport, Pointe-\u00e0-Pitre Le Raizet","url":"https:\/\/taxiguadeloupeaeroport.fr\/","logo":{"@type":"ImageObject","inLanguage":"en-US","@id":"https:\/\/taxiguadeloupeaeroport.fr\/#\/schema\/logo\/image\/","url":"https:\/\/taxiguadeloupeaeroport.fr\/wp-content\/uploads\/2025\/10\/cropped-logo-taxi-aeroport-guadeloupe-martyse.webp","contentUrl":"https:\/\/taxiguadeloupeaeroport.fr\/wp-content\/uploads\/2025\/10\/cropped-logo-taxi-aeroport-guadeloupe-martyse.webp","width":486,"height":90,"caption":"A\u00e9roport Guadeloupe P\u00f4le Cara\u00efbes Pointe-\u00e0-Pitre Le Raizet"},"image":{"@id":"https:\/\/taxiguadeloupeaeroport.fr\/#\/schema\/logo\/image\/"}}]}},"_links":{"self":[{"href":"https:\/\/taxiguadeloupeaeroport.fr\/en\/wp-json\/wp\/v2\/pages\/6","targetHints":{"allow":["GET"]}}],"collection":[{"href":"https:\/\/taxiguadeloupeaeroport.fr\/en\/wp-json\/wp\/v2\/pages"}],"about":[{"href":"https:\/\/taxiguadeloupeaeroport.fr\/en\/wp-json\/wp\/v2\/types\/page"}],"author":[{"embeddable":true,"href":"https:\/\/taxiguadeloupeaeroport.fr\/en\/wp-json\/wp\/v2\/users\/2"}],"replies":[{"embeddable":true,"href":"https:\/\/taxiguadeloupeaeroport.fr\/en\/wp-json\/wp\/v2\/comments?post=6"}],"version-history":[{"count":15,"href":"https:\/\/taxiguadeloupeaeroport.fr\/en\/wp-json\/wp\/v2\/pages\/6\/revisions"}],"predecessor-version":[{"id":4743,"href":"https:\/\/taxiguadeloupeaeroport.fr\/en\/wp-json\/wp\/v2\/pages\/6\/revisions\/4743"}],"wp:attachment":[{"href":"https:\/\/taxiguadeloupeaeroport.fr\/en\/wp-json\/wp\/v2\/media?parent=6"}],"curies":[{"name":"wp","href":"https:\/\/api.w.org\/{rel}","templated":true}]}}